{"id":3676,"date":"2022-05-30T11:50:01","date_gmt":"2022-05-30T11:50:01","guid":{"rendered":"https:\/\/testing.xplaye.com\/ikusi2\/?page_id=3676"},"modified":"2024-02-06T18:57:52","modified_gmt":"2024-02-07T00:57:52","slug":"csirt","status":"publish","type":"page","link":"https:\/\/testing.xplaye.com\/ikusi2\/mx\/csirt\/","title":{"rendered":"CSIRT"},"content":{"rendered":"<h2><img loading=\"lazy\" decoding=\"async\" class=\"alignnone size-medium wp-image-7072\" src=\"https:\/\/testing.xplaye.com\/ikusi2\/mx\/wp-content\/uploads\/sites\/2\/2022\/06\/Ikusi-CSIRT_logo-300x130.jpg\" alt=\"ikusi-csirt-logo\" width=\"300\" height=\"130\" \/><\/h2>\n<h2>Equipo de respuesta a incidentes de seguridad<\/h2>\n<p>Micronet de Mexico S.A. de C.V. parte del Grupo IKUSI, es una organizaci\u00f3n dedicada a proveer servicios administrados de red, ciberseguridad y c\u00f3mputo a una amplia variedad de clientes, distribuidos en los diferentes sectores a nivel nacional e internacional, soportada por la experiencia y certificaciones de su personal, basados en este esquema los servicios de IKUSI CSIRT estar\u00e1n enfocados en estos mismos sectores.<\/p>\n<h3><\/h3>\n<h3>CONSTITUYENTES<\/h3>\n<p>Los constituyentes o miembros son los clientes de Ikusi que tengan contratados los servicios de CSIRT.<\/p>\n<h3><\/h3>\n<h3>VISI\u00d3N<\/h3>\n<p>Ser reconocidos en el entorno nacional e internacional como un referente en la respuesta a incidentes de seguridad de la informaci\u00f3n<\/p>\n<h3><\/h3>\n<h3>MISI\u00d3N<\/h3>\n<p>Coadyuvar en las actividades de respuesta a incidentes minimizando tanto el impacto como el riesgo en la operaci\u00f3n de nuestros clientes, apoy\u00e1ndonos en elementos s\u00f3lidos como los procesos \u00f3ptimos, el personal especializado, las herramientas tecnol\u00f3gicas, todo esto dentro de un marco de est\u00e1ndares y mejores pr\u00e1cticas de la industria.<\/p>\n<h3><\/h3>\n<h3>SERVICIOS<\/h3>\n<p><strong>Gesti\u00f3n de respuesta a incidentes de seguridad<\/strong><\/p>\n<ul>\n<li>Manejo de incidentes<\/li>\n<li>An\u00e1lisis de impacto<\/li>\n<li>Validaci\u00f3n y clasificaci\u00f3n<\/li>\n<li>Contenci\u00f3n<\/li>\n<li>Mitigaci\u00f3n<\/li>\n<li>Recuperaci\u00f3n<\/li>\n<li>An\u00e1lisis post incidente<\/li>\n<\/ul>\n<p><strong>Comunicaci\u00f3n y alertamiento<\/strong><\/p>\n<ul>\n<li>Concientizaci\u00f3n de seguridad<\/li>\n<li>Boletines sobre amenazas<\/li>\n<li>Publicaci\u00f3n de informaci\u00f3n<\/li>\n<\/ul>\n<p><strong>Aseguramiento de informaci\u00f3n evaluaci\u00f3n de riesgo<\/strong><\/p>\n<ul>\n<li>Inventario de activos cr\u00edticos<\/li>\n<li>Evaluaci\u00f3n de est\u00e1ndares<\/li>\n<li>Recomendaciones relevantes de la industria<\/li>\n<li>Evaluaci\u00f3n de vulnerabilidades<\/li>\n<li>Revisi\u00f3n de pol\u00edticas operativas<\/li>\n<li>Continuidad de negocio y plan de recuperaci\u00f3n de desastres<\/li>\n<li>Soporte t\u00e9cnico de seguridad<\/li>\n<li>Gesti\u00f3n de parches<\/li>\n<\/ul>\n<p><strong>CERTIFICACIONES<\/strong><\/p>\n<p><img loading=\"lazy\" decoding=\"async\" class=\"alignnone size-full wp-image-3680\" src=\"https:\/\/testing.xplaye.com\/ikusi2\/wp-content\/uploads\/2022\/05\/first.jpg\" alt=\"\" width=\"217\" height=\"125\" \/><\/p>\n<p>Miembros activos en la organizaci\u00f3n FIRST donde en IKUSI CSIRT colaboramos de manera continua con los diferentes equipos de respuesta a incidentes de ciberseguridad a nivel nacional e internacional.<\/p>\n<p><img loading=\"lazy\" decoding=\"async\" class=\"alignnone size-full wp-image-3684\" src=\"https:\/\/testing.xplaye.com\/ikusi2\/wp-content\/uploads\/2022\/05\/cert.jpg\" alt=\"\" width=\"270\" height=\"86\" \/><\/p>\n<p>Autorizados para utilizar la marca CERT, comprobando nuestras pr\u00e1cticas de respuesta a incidentes de ciberseguridad.<\/p>\n","protected":false},"excerpt":{"rendered":"<p>Equipo de respuesta a incidentes de seguridad Micronet de Mexico S.A. de C.V. parte del Grupo IKUSI, es una organizaci\u00f3n<\/p>\n","protected":false},"author":2,"featured_media":0,"parent":0,"menu_order":12,"comment_status":"closed","ping_status":"closed","template":"","meta":{"_acf_changed":false,"footnotes":""},"class_list":["post-3676","page","type-page","status-publish","hentry"],"acf":[],"yoast_head":"<!-- This site is optimized with the Yoast SEO plugin v27.4 - https:\/\/yoast.com\/product\/yoast-seo-wordpress\/ -->\n<title>CSIRT - Ikusi<\/title>\n<meta name=\"description\" content=\"Ikusi CSIRT es nuestro equipo de respuesta a incidentes de seguridad. Autorizados para utilizar la marca CERT.\" \/>\n<meta name=\"robots\" content=\"index, follow, max-snippet:-1, max-image-preview:large, max-video-preview:-1\" \/>\n<link rel=\"canonical\" href=\"https:\/\/testing.xplaye.com\/ikusi2\/mx\/csirt\/\" \/>\n<meta property=\"og:locale\" content=\"es_MX\" \/>\n<meta property=\"og:type\" content=\"article\" \/>\n<meta property=\"og:title\" content=\"CSIRT - Ikusi\" \/>\n<meta property=\"og:description\" content=\"Ikusi CSIRT es nuestro equipo de respuesta a incidentes de seguridad. Autorizados para utilizar la marca CERT.\" \/>\n<meta property=\"og:url\" content=\"https:\/\/testing.xplaye.com\/ikusi2\/mx\/csirt\/\" \/>\n<meta property=\"og:site_name\" content=\"Ikusi MX\" \/>\n<meta property=\"article:publisher\" content=\"https:\/\/www.facebook.com\/ikusilatam\" \/>\n<meta property=\"article:modified_time\" content=\"2024-02-07T00:57:52+00:00\" \/>\n<meta property=\"og:image\" content=\"https:\/\/testing.xplaye.com\/ikusi2\/mx\/wp-content\/uploads\/sites\/2\/2022\/06\/Ikusi-CSIRT_logo-300x130.jpg\" \/>\n<meta name=\"twitter:card\" content=\"summary_large_image\" \/>\n<meta name=\"twitter:site\" content=\"@ikusilatam\" \/>\n<script type=\"application\/ld+json\" class=\"yoast-schema-graph\">{\"@context\":\"https:\\\/\\\/schema.org\",\"@graph\":[{\"@type\":\"WebPage\",\"@id\":\"https:\\\/\\\/testing.xplaye.com\\\/ikusi2\\\/mx\\\/csirt\\\/\",\"url\":\"https:\\\/\\\/testing.xplaye.com\\\/ikusi2\\\/mx\\\/csirt\\\/\",\"name\":\"CSIRT - Ikusi\",\"isPartOf\":{\"@id\":\"https:\\\/\\\/testing.xplaye.com\\\/ikusi2\\\/mx\\\/#website\"},\"primaryImageOfPage\":{\"@id\":\"https:\\\/\\\/testing.xplaye.com\\\/ikusi2\\\/mx\\\/csirt\\\/#primaryimage\"},\"image\":{\"@id\":\"https:\\\/\\\/testing.xplaye.com\\\/ikusi2\\\/mx\\\/csirt\\\/#primaryimage\"},\"thumbnailUrl\":\"https:\\\/\\\/testing.xplaye.com\\\/ikusi2\\\/mx\\\/wp-content\\\/uploads\\\/sites\\\/2\\\/2022\\\/06\\\/Ikusi-CSIRT_logo-300x130.jpg\",\"datePublished\":\"2022-05-30T11:50:01+00:00\",\"dateModified\":\"2024-02-07T00:57:52+00:00\",\"description\":\"Ikusi CSIRT es nuestro equipo de respuesta a incidentes de seguridad. Autorizados para utilizar la marca CERT.\",\"breadcrumb\":{\"@id\":\"https:\\\/\\\/testing.xplaye.com\\\/ikusi2\\\/mx\\\/csirt\\\/#breadcrumb\"},\"inLanguage\":\"es\",\"potentialAction\":[{\"@type\":\"ReadAction\",\"target\":[\"https:\\\/\\\/testing.xplaye.com\\\/ikusi2\\\/mx\\\/csirt\\\/\"]}]},{\"@type\":\"ImageObject\",\"inLanguage\":\"es\",\"@id\":\"https:\\\/\\\/testing.xplaye.com\\\/ikusi2\\\/mx\\\/csirt\\\/#primaryimage\",\"url\":\"https:\\\/\\\/testing.xplaye.com\\\/ikusi2\\\/mx\\\/wp-content\\\/uploads\\\/sites\\\/2\\\/2022\\\/06\\\/Ikusi-CSIRT_logo-300x130.jpg\",\"contentUrl\":\"https:\\\/\\\/testing.xplaye.com\\\/ikusi2\\\/mx\\\/wp-content\\\/uploads\\\/sites\\\/2\\\/2022\\\/06\\\/Ikusi-CSIRT_logo-300x130.jpg\"},{\"@type\":\"BreadcrumbList\",\"@id\":\"https:\\\/\\\/testing.xplaye.com\\\/ikusi2\\\/mx\\\/csirt\\\/#breadcrumb\",\"itemListElement\":[{\"@type\":\"ListItem\",\"position\":1,\"name\":\"Portada\",\"item\":\"https:\\\/\\\/testing.xplaye.com\\\/ikusi2\\\/mx\\\/\"},{\"@type\":\"ListItem\",\"position\":2,\"name\":\"CSIRT\"}]},{\"@type\":\"WebSite\",\"@id\":\"https:\\\/\\\/testing.xplaye.com\\\/ikusi2\\\/mx\\\/#website\",\"url\":\"https:\\\/\\\/testing.xplaye.com\\\/ikusi2\\\/mx\\\/\",\"name\":\"Ikusi\",\"description\":\"\",\"publisher\":{\"@id\":\"https:\\\/\\\/testing.xplaye.com\\\/ikusi2\\\/mx\\\/#organization\"},\"alternateName\":\"Ikusi\",\"potentialAction\":[{\"@type\":\"SearchAction\",\"target\":{\"@type\":\"EntryPoint\",\"urlTemplate\":\"https:\\\/\\\/testing.xplaye.com\\\/ikusi2\\\/mx\\\/?s={search_term_string}\"},\"query-input\":{\"@type\":\"PropertyValueSpecification\",\"valueRequired\":true,\"valueName\":\"search_term_string\"}}],\"inLanguage\":\"es\"},{\"@type\":\"Organization\",\"@id\":\"https:\\\/\\\/testing.xplaye.com\\\/ikusi2\\\/mx\\\/#organization\",\"name\":\"Ikusi\",\"alternateName\":\"Ikusi\",\"url\":\"https:\\\/\\\/testing.xplaye.com\\\/ikusi2\\\/mx\\\/\",\"logo\":{\"@type\":\"ImageObject\",\"inLanguage\":\"es\",\"@id\":\"https:\\\/\\\/testing.xplaye.com\\\/ikusi2\\\/mx\\\/#\\\/schema\\\/logo\\\/image\\\/\",\"url\":\"https:\\\/\\\/testing.xplaye.com\\\/ikusi2\\\/mx\\\/wp-content\\\/uploads\\\/sites\\\/2\\\/2023\\\/04\\\/ikusi.svg\",\"contentUrl\":\"https:\\\/\\\/testing.xplaye.com\\\/ikusi2\\\/mx\\\/wp-content\\\/uploads\\\/sites\\\/2\\\/2023\\\/04\\\/ikusi.svg\",\"width\":1,\"height\":1,\"caption\":\"Ikusi\"},\"image\":{\"@id\":\"https:\\\/\\\/testing.xplaye.com\\\/ikusi2\\\/mx\\\/#\\\/schema\\\/logo\\\/image\\\/\"},\"sameAs\":[\"https:\\\/\\\/www.facebook.com\\\/ikusilatam\",\"https:\\\/\\\/x.com\\\/ikusilatam\",\"https:\\\/\\\/www.linkedin.com\\\/company\\\/ikusilatam\\\/\",\"https:\\\/\\\/www.youtube.com\\\/channel\\\/UC7QvmB90i9qYgmF3P7iUGhQ\",\"https:\\\/\\\/www.instagram.com\\\/ikusilatam\\\/\"]}]}<\/script>\n<!-- \/ Yoast SEO plugin. -->","yoast_head_json":{"title":"CSIRT - Ikusi","description":"Ikusi CSIRT es nuestro equipo de respuesta a incidentes de seguridad. Autorizados para utilizar la marca CERT.","robots":{"index":"index","follow":"follow","max-snippet":"max-snippet:-1","max-image-preview":"max-image-preview:large","max-video-preview":"max-video-preview:-1"},"canonical":"https:\/\/testing.xplaye.com\/ikusi2\/mx\/csirt\/","og_locale":"es_MX","og_type":"article","og_title":"CSIRT - Ikusi","og_description":"Ikusi CSIRT es nuestro equipo de respuesta a incidentes de seguridad. Autorizados para utilizar la marca CERT.","og_url":"https:\/\/testing.xplaye.com\/ikusi2\/mx\/csirt\/","og_site_name":"Ikusi MX","article_publisher":"https:\/\/www.facebook.com\/ikusilatam","article_modified_time":"2024-02-07T00:57:52+00:00","og_image":[{"url":"https:\/\/testing.xplaye.com\/ikusi2\/mx\/wp-content\/uploads\/sites\/2\/2022\/06\/Ikusi-CSIRT_logo-300x130.jpg","type":"","width":"","height":""}],"twitter_card":"summary_large_image","twitter_site":"@ikusilatam","schema":{"@context":"https:\/\/schema.org","@graph":[{"@type":"WebPage","@id":"https:\/\/testing.xplaye.com\/ikusi2\/mx\/csirt\/","url":"https:\/\/testing.xplaye.com\/ikusi2\/mx\/csirt\/","name":"CSIRT - Ikusi","isPartOf":{"@id":"https:\/\/testing.xplaye.com\/ikusi2\/mx\/#website"},"primaryImageOfPage":{"@id":"https:\/\/testing.xplaye.com\/ikusi2\/mx\/csirt\/#primaryimage"},"image":{"@id":"https:\/\/testing.xplaye.com\/ikusi2\/mx\/csirt\/#primaryimage"},"thumbnailUrl":"https:\/\/testing.xplaye.com\/ikusi2\/mx\/wp-content\/uploads\/sites\/2\/2022\/06\/Ikusi-CSIRT_logo-300x130.jpg","datePublished":"2022-05-30T11:50:01+00:00","dateModified":"2024-02-07T00:57:52+00:00","description":"Ikusi CSIRT es nuestro equipo de respuesta a incidentes de seguridad. Autorizados para utilizar la marca CERT.","breadcrumb":{"@id":"https:\/\/testing.xplaye.com\/ikusi2\/mx\/csirt\/#breadcrumb"},"inLanguage":"es","potentialAction":[{"@type":"ReadAction","target":["https:\/\/testing.xplaye.com\/ikusi2\/mx\/csirt\/"]}]},{"@type":"ImageObject","inLanguage":"es","@id":"https:\/\/testing.xplaye.com\/ikusi2\/mx\/csirt\/#primaryimage","url":"https:\/\/testing.xplaye.com\/ikusi2\/mx\/wp-content\/uploads\/sites\/2\/2022\/06\/Ikusi-CSIRT_logo-300x130.jpg","contentUrl":"https:\/\/testing.xplaye.com\/ikusi2\/mx\/wp-content\/uploads\/sites\/2\/2022\/06\/Ikusi-CSIRT_logo-300x130.jpg"},{"@type":"BreadcrumbList","@id":"https:\/\/testing.xplaye.com\/ikusi2\/mx\/csirt\/#breadcrumb","itemListElement":[{"@type":"ListItem","position":1,"name":"Portada","item":"https:\/\/testing.xplaye.com\/ikusi2\/mx\/"},{"@type":"ListItem","position":2,"name":"CSIRT"}]},{"@type":"WebSite","@id":"https:\/\/testing.xplaye.com\/ikusi2\/mx\/#website","url":"https:\/\/testing.xplaye.com\/ikusi2\/mx\/","name":"Ikusi","description":"","publisher":{"@id":"https:\/\/testing.xplaye.com\/ikusi2\/mx\/#organization"},"alternateName":"Ikusi","potentialAction":[{"@type":"SearchAction","target":{"@type":"EntryPoint","urlTemplate":"https:\/\/testing.xplaye.com\/ikusi2\/mx\/?s={search_term_string}"},"query-input":{"@type":"PropertyValueSpecification","valueRequired":true,"valueName":"search_term_string"}}],"inLanguage":"es"},{"@type":"Organization","@id":"https:\/\/testing.xplaye.com\/ikusi2\/mx\/#organization","name":"Ikusi","alternateName":"Ikusi","url":"https:\/\/testing.xplaye.com\/ikusi2\/mx\/","logo":{"@type":"ImageObject","inLanguage":"es","@id":"https:\/\/testing.xplaye.com\/ikusi2\/mx\/#\/schema\/logo\/image\/","url":"https:\/\/testing.xplaye.com\/ikusi2\/mx\/wp-content\/uploads\/sites\/2\/2023\/04\/ikusi.svg","contentUrl":"https:\/\/testing.xplaye.com\/ikusi2\/mx\/wp-content\/uploads\/sites\/2\/2023\/04\/ikusi.svg","width":1,"height":1,"caption":"Ikusi"},"image":{"@id":"https:\/\/testing.xplaye.com\/ikusi2\/mx\/#\/schema\/logo\/image\/"},"sameAs":["https:\/\/www.facebook.com\/ikusilatam","https:\/\/x.com\/ikusilatam","https:\/\/www.linkedin.com\/company\/ikusilatam\/","https:\/\/www.youtube.com\/channel\/UC7QvmB90i9qYgmF3P7iUGhQ","https:\/\/www.instagram.com\/ikusilatam\/"]}]}},"_links":{"self":[{"href":"https:\/\/testing.xplaye.com\/ikusi2\/mx\/wp-json\/wp\/v2\/pages\/3676","targetHints":{"allow":["GET"]}}],"collection":[{"href":"https:\/\/testing.xplaye.com\/ikusi2\/mx\/wp-json\/wp\/v2\/pages"}],"about":[{"href":"https:\/\/testing.xplaye.com\/ikusi2\/mx\/wp-json\/wp\/v2\/types\/page"}],"author":[{"embeddable":true,"href":"https:\/\/testing.xplaye.com\/ikusi2\/mx\/wp-json\/wp\/v2\/users\/2"}],"replies":[{"embeddable":true,"href":"https:\/\/testing.xplaye.com\/ikusi2\/mx\/wp-json\/wp\/v2\/comments?post=3676"}],"version-history":[{"count":3,"href":"https:\/\/testing.xplaye.com\/ikusi2\/mx\/wp-json\/wp\/v2\/pages\/3676\/revisions"}],"predecessor-version":[{"id":11391,"href":"https:\/\/testing.xplaye.com\/ikusi2\/mx\/wp-json\/wp\/v2\/pages\/3676\/revisions\/11391"}],"wp:attachment":[{"href":"https:\/\/testing.xplaye.com\/ikusi2\/mx\/wp-json\/wp\/v2\/media?parent=3676"}],"curies":[{"name":"wp","href":"https:\/\/api.w.org\/{rel}","templated":true}]}}