{"id":10791,"date":"2022-08-05T22:08:49","date_gmt":"2022-08-05T22:08:49","guid":{"rendered":"https:\/\/testing.xplaye.com\/ikusi2\/mx\/?page_id=10791"},"modified":"2024-02-16T11:38:57","modified_gmt":"2024-02-16T17:38:57","slug":"servcios-customer-experience","status":"publish","type":"page","link":"https:\/\/testing.xplaye.com\/ikusi2\/mx\/servcios\/servcios-customer-experience\/","title":{"rendered":"Customer Experience"},"content":{"rendered":"\n<p>Asegura la adopci\u00f3n de la tecnolog\u00eda para explotarlas al m\u00e1ximo y obtener resultados de negocio en menor tiempo y con objetivos definidos.<\/p>\n","protected":false},"excerpt":{"rendered":"<p>Asegura la adopci\u00f3n de la tecnolog\u00eda para explotarlas al m\u00e1ximo y obtener resultados de negocio en menor tiempo y con<\/p>\n","protected":false},"author":1,"featured_media":12053,"parent":3473,"menu_order":3,"comment_status":"closed","ping_status":"closed","template":"page-servicios-customer.php","meta":{"_acf_changed":false,"footnotes":""},"class_list":["post-10791","page","type-page","status-publish","has-post-thumbnail","hentry"],"acf":[],"yoast_head":"<!-- This site is optimized with the Yoast SEO plugin v27.4 - https:\/\/yoast.com\/product\/yoast-seo-wordpress\/ -->\n<title>Customer Experience - Ikusi<\/title>\n<meta name=\"description\" content=\"Customer Experience asegura la adopci\u00f3n de la tecnolog\u00eda para explotarlas al m\u00e1ximo y obtener resultados de negocio en menor tiempo.\" \/>\n<meta name=\"robots\" content=\"index, follow, max-snippet:-1, max-image-preview:large, max-video-preview:-1\" \/>\n<link rel=\"canonical\" href=\"https:\/\/testing.xplaye.com\/ikusi2\/mx\/servcios\/servcios-customer-experience\/\" \/>\n<meta property=\"og:locale\" content=\"es_MX\" \/>\n<meta property=\"og:type\" content=\"article\" \/>\n<meta property=\"og:title\" content=\"Customer Experience - Ikusi\" \/>\n<meta property=\"og:description\" content=\"Customer Experience asegura la adopci\u00f3n de la tecnolog\u00eda para explotarlas al m\u00e1ximo y obtener resultados de negocio en menor tiempo.\" \/>\n<meta property=\"og:url\" content=\"https:\/\/testing.xplaye.com\/ikusi2\/mx\/servcios\/servcios-customer-experience\/\" \/>\n<meta property=\"og:site_name\" content=\"Ikusi MX\" \/>\n<meta property=\"article:publisher\" content=\"https:\/\/www.facebook.com\/ikusilatam\" \/>\n<meta property=\"article:modified_time\" content=\"2024-02-16T17:38:57+00:00\" \/>\n<meta name=\"twitter:card\" content=\"summary_large_image\" \/>\n<meta name=\"twitter:site\" content=\"@ikusilatam\" \/>\n<meta name=\"twitter:label1\" content=\"Tiempo de lectura\" \/>\n\t<meta name=\"twitter:data1\" content=\"1 minuto\" \/>\n<script type=\"application\/ld+json\" class=\"yoast-schema-graph\">{\"@context\":\"https:\\\/\\\/schema.org\",\"@graph\":[{\"@type\":\"WebPage\",\"@id\":\"https:\\\/\\\/testing.xplaye.com\\\/ikusi2\\\/mx\\\/servcios\\\/servcios-customer-experience\\\/\",\"url\":\"https:\\\/\\\/testing.xplaye.com\\\/ikusi2\\\/mx\\\/servcios\\\/servcios-customer-experience\\\/\",\"name\":\"Customer Experience - Ikusi\",\"isPartOf\":{\"@id\":\"https:\\\/\\\/testing.xplaye.com\\\/ikusi2\\\/mx\\\/#website\"},\"primaryImageOfPage\":{\"@id\":\"https:\\\/\\\/testing.xplaye.com\\\/ikusi2\\\/mx\\\/servcios\\\/servcios-customer-experience\\\/#primaryimage\"},\"image\":{\"@id\":\"https:\\\/\\\/testing.xplaye.com\\\/ikusi2\\\/mx\\\/servcios\\\/servcios-customer-experience\\\/#primaryimage\"},\"thumbnailUrl\":\"https:\\\/\\\/testing.xplaye.com\\\/ikusi2\\\/mx\\\/wp-content\\\/uploads\\\/sites\\\/2\\\/2023\\\/04\\\/servicio-customer-experience.jpg\",\"datePublished\":\"2022-08-05T22:08:49+00:00\",\"dateModified\":\"2024-02-16T17:38:57+00:00\",\"description\":\"Customer Experience asegura la adopci\u00f3n de la tecnolog\u00eda para explotarlas al m\u00e1ximo y obtener resultados de negocio en menor tiempo.\",\"breadcrumb\":{\"@id\":\"https:\\\/\\\/testing.xplaye.com\\\/ikusi2\\\/mx\\\/servcios\\\/servcios-customer-experience\\\/#breadcrumb\"},\"inLanguage\":\"es\",\"potentialAction\":[{\"@type\":\"ReadAction\",\"target\":[\"https:\\\/\\\/testing.xplaye.com\\\/ikusi2\\\/mx\\\/servcios\\\/servcios-customer-experience\\\/\"]}]},{\"@type\":\"ImageObject\",\"inLanguage\":\"es\",\"@id\":\"https:\\\/\\\/testing.xplaye.com\\\/ikusi2\\\/mx\\\/servcios\\\/servcios-customer-experience\\\/#primaryimage\",\"url\":\"https:\\\/\\\/testing.xplaye.com\\\/ikusi2\\\/mx\\\/wp-content\\\/uploads\\\/sites\\\/2\\\/2023\\\/04\\\/servicio-customer-experience.jpg\",\"contentUrl\":\"https:\\\/\\\/testing.xplaye.com\\\/ikusi2\\\/mx\\\/wp-content\\\/uploads\\\/sites\\\/2\\\/2023\\\/04\\\/servicio-customer-experience.jpg\"},{\"@type\":\"BreadcrumbList\",\"@id\":\"https:\\\/\\\/testing.xplaye.com\\\/ikusi2\\\/mx\\\/servcios\\\/servcios-customer-experience\\\/#breadcrumb\",\"itemListElement\":[{\"@type\":\"ListItem\",\"position\":1,\"name\":\"Portada\",\"item\":\"https:\\\/\\\/testing.xplaye.com\\\/ikusi2\\\/mx\\\/\"},{\"@type\":\"ListItem\",\"position\":2,\"name\":\"Servicios\",\"item\":\"https:\\\/\\\/testing.xplaye.com\\\/ikusi2\\\/mx\\\/servicios\\\/\"},{\"@type\":\"ListItem\",\"position\":3,\"name\":\"Customer Experience\"}]},{\"@type\":\"WebSite\",\"@id\":\"https:\\\/\\\/testing.xplaye.com\\\/ikusi2\\\/mx\\\/#website\",\"url\":\"https:\\\/\\\/testing.xplaye.com\\\/ikusi2\\\/mx\\\/\",\"name\":\"Ikusi\",\"description\":\"\",\"publisher\":{\"@id\":\"https:\\\/\\\/testing.xplaye.com\\\/ikusi2\\\/mx\\\/#organization\"},\"alternateName\":\"Ikusi\",\"potentialAction\":[{\"@type\":\"SearchAction\",\"target\":{\"@type\":\"EntryPoint\",\"urlTemplate\":\"https:\\\/\\\/testing.xplaye.com\\\/ikusi2\\\/mx\\\/?s={search_term_string}\"},\"query-input\":{\"@type\":\"PropertyValueSpecification\",\"valueRequired\":true,\"valueName\":\"search_term_string\"}}],\"inLanguage\":\"es\"},{\"@type\":\"Organization\",\"@id\":\"https:\\\/\\\/testing.xplaye.com\\\/ikusi2\\\/mx\\\/#organization\",\"name\":\"Ikusi\",\"alternateName\":\"Ikusi\",\"url\":\"https:\\\/\\\/testing.xplaye.com\\\/ikusi2\\\/mx\\\/\",\"logo\":{\"@type\":\"ImageObject\",\"inLanguage\":\"es\",\"@id\":\"https:\\\/\\\/testing.xplaye.com\\\/ikusi2\\\/mx\\\/#\\\/schema\\\/logo\\\/image\\\/\",\"url\":\"https:\\\/\\\/testing.xplaye.com\\\/ikusi2\\\/mx\\\/wp-content\\\/uploads\\\/sites\\\/2\\\/2023\\\/04\\\/ikusi.svg\",\"contentUrl\":\"https:\\\/\\\/testing.xplaye.com\\\/ikusi2\\\/mx\\\/wp-content\\\/uploads\\\/sites\\\/2\\\/2023\\\/04\\\/ikusi.svg\",\"width\":1,\"height\":1,\"caption\":\"Ikusi\"},\"image\":{\"@id\":\"https:\\\/\\\/testing.xplaye.com\\\/ikusi2\\\/mx\\\/#\\\/schema\\\/logo\\\/image\\\/\"},\"sameAs\":[\"https:\\\/\\\/www.facebook.com\\\/ikusilatam\",\"https:\\\/\\\/x.com\\\/ikusilatam\",\"https:\\\/\\\/www.linkedin.com\\\/company\\\/ikusilatam\\\/\",\"https:\\\/\\\/www.youtube.com\\\/channel\\\/UC7QvmB90i9qYgmF3P7iUGhQ\",\"https:\\\/\\\/www.instagram.com\\\/ikusilatam\\\/\"]}]}<\/script>\n<!-- \/ Yoast SEO plugin. -->","yoast_head_json":{"title":"Customer Experience - Ikusi","description":"Customer Experience asegura la adopci\u00f3n de la tecnolog\u00eda para explotarlas al m\u00e1ximo y obtener resultados de negocio en menor tiempo.","robots":{"index":"index","follow":"follow","max-snippet":"max-snippet:-1","max-image-preview":"max-image-preview:large","max-video-preview":"max-video-preview:-1"},"canonical":"https:\/\/testing.xplaye.com\/ikusi2\/mx\/servcios\/servcios-customer-experience\/","og_locale":"es_MX","og_type":"article","og_title":"Customer Experience - Ikusi","og_description":"Customer Experience asegura la adopci\u00f3n de la tecnolog\u00eda para explotarlas al m\u00e1ximo y obtener resultados de negocio en menor tiempo.","og_url":"https:\/\/testing.xplaye.com\/ikusi2\/mx\/servcios\/servcios-customer-experience\/","og_site_name":"Ikusi MX","article_publisher":"https:\/\/www.facebook.com\/ikusilatam","article_modified_time":"2024-02-16T17:38:57+00:00","twitter_card":"summary_large_image","twitter_site":"@ikusilatam","twitter_misc":{"Tiempo de lectura":"1 minuto"},"schema":{"@context":"https:\/\/schema.org","@graph":[{"@type":"WebPage","@id":"https:\/\/testing.xplaye.com\/ikusi2\/mx\/servcios\/servcios-customer-experience\/","url":"https:\/\/testing.xplaye.com\/ikusi2\/mx\/servcios\/servcios-customer-experience\/","name":"Customer Experience - Ikusi","isPartOf":{"@id":"https:\/\/testing.xplaye.com\/ikusi2\/mx\/#website"},"primaryImageOfPage":{"@id":"https:\/\/testing.xplaye.com\/ikusi2\/mx\/servcios\/servcios-customer-experience\/#primaryimage"},"image":{"@id":"https:\/\/testing.xplaye.com\/ikusi2\/mx\/servcios\/servcios-customer-experience\/#primaryimage"},"thumbnailUrl":"https:\/\/testing.xplaye.com\/ikusi2\/mx\/wp-content\/uploads\/sites\/2\/2023\/04\/servicio-customer-experience.jpg","datePublished":"2022-08-05T22:08:49+00:00","dateModified":"2024-02-16T17:38:57+00:00","description":"Customer Experience asegura la adopci\u00f3n de la tecnolog\u00eda para explotarlas al m\u00e1ximo y obtener resultados de negocio en menor tiempo.","breadcrumb":{"@id":"https:\/\/testing.xplaye.com\/ikusi2\/mx\/servcios\/servcios-customer-experience\/#breadcrumb"},"inLanguage":"es","potentialAction":[{"@type":"ReadAction","target":["https:\/\/testing.xplaye.com\/ikusi2\/mx\/servcios\/servcios-customer-experience\/"]}]},{"@type":"ImageObject","inLanguage":"es","@id":"https:\/\/testing.xplaye.com\/ikusi2\/mx\/servcios\/servcios-customer-experience\/#primaryimage","url":"https:\/\/testing.xplaye.com\/ikusi2\/mx\/wp-content\/uploads\/sites\/2\/2023\/04\/servicio-customer-experience.jpg","contentUrl":"https:\/\/testing.xplaye.com\/ikusi2\/mx\/wp-content\/uploads\/sites\/2\/2023\/04\/servicio-customer-experience.jpg"},{"@type":"BreadcrumbList","@id":"https:\/\/testing.xplaye.com\/ikusi2\/mx\/servcios\/servcios-customer-experience\/#breadcrumb","itemListElement":[{"@type":"ListItem","position":1,"name":"Portada","item":"https:\/\/testing.xplaye.com\/ikusi2\/mx\/"},{"@type":"ListItem","position":2,"name":"Servicios","item":"https:\/\/testing.xplaye.com\/ikusi2\/mx\/servicios\/"},{"@type":"ListItem","position":3,"name":"Customer Experience"}]},{"@type":"WebSite","@id":"https:\/\/testing.xplaye.com\/ikusi2\/mx\/#website","url":"https:\/\/testing.xplaye.com\/ikusi2\/mx\/","name":"Ikusi","description":"","publisher":{"@id":"https:\/\/testing.xplaye.com\/ikusi2\/mx\/#organization"},"alternateName":"Ikusi","potentialAction":[{"@type":"SearchAction","target":{"@type":"EntryPoint","urlTemplate":"https:\/\/testing.xplaye.com\/ikusi2\/mx\/?s={search_term_string}"},"query-input":{"@type":"PropertyValueSpecification","valueRequired":true,"valueName":"search_term_string"}}],"inLanguage":"es"},{"@type":"Organization","@id":"https:\/\/testing.xplaye.com\/ikusi2\/mx\/#organization","name":"Ikusi","alternateName":"Ikusi","url":"https:\/\/testing.xplaye.com\/ikusi2\/mx\/","logo":{"@type":"ImageObject","inLanguage":"es","@id":"https:\/\/testing.xplaye.com\/ikusi2\/mx\/#\/schema\/logo\/image\/","url":"https:\/\/testing.xplaye.com\/ikusi2\/mx\/wp-content\/uploads\/sites\/2\/2023\/04\/ikusi.svg","contentUrl":"https:\/\/testing.xplaye.com\/ikusi2\/mx\/wp-content\/uploads\/sites\/2\/2023\/04\/ikusi.svg","width":1,"height":1,"caption":"Ikusi"},"image":{"@id":"https:\/\/testing.xplaye.com\/ikusi2\/mx\/#\/schema\/logo\/image\/"},"sameAs":["https:\/\/www.facebook.com\/ikusilatam","https:\/\/x.com\/ikusilatam","https:\/\/www.linkedin.com\/company\/ikusilatam\/","https:\/\/www.youtube.com\/channel\/UC7QvmB90i9qYgmF3P7iUGhQ","https:\/\/www.instagram.com\/ikusilatam\/"]}]}},"_links":{"self":[{"href":"https:\/\/testing.xplaye.com\/ikusi2\/mx\/wp-json\/wp\/v2\/pages\/10791","targetHints":{"allow":["GET"]}}],"collection":[{"href":"https:\/\/testing.xplaye.com\/ikusi2\/mx\/wp-json\/wp\/v2\/pages"}],"about":[{"href":"https:\/\/testing.xplaye.com\/ikusi2\/mx\/wp-json\/wp\/v2\/types\/page"}],"author":[{"embeddable":true,"href":"https:\/\/testing.xplaye.com\/ikusi2\/mx\/wp-json\/wp\/v2\/users\/1"}],"replies":[{"embeddable":true,"href":"https:\/\/testing.xplaye.com\/ikusi2\/mx\/wp-json\/wp\/v2\/comments?post=10791"}],"version-history":[{"count":4,"href":"https:\/\/testing.xplaye.com\/ikusi2\/mx\/wp-json\/wp\/v2\/pages\/10791\/revisions"}],"predecessor-version":[{"id":10801,"href":"https:\/\/testing.xplaye.com\/ikusi2\/mx\/wp-json\/wp\/v2\/pages\/10791\/revisions\/10801"}],"up":[{"embeddable":true,"href":"https:\/\/testing.xplaye.com\/ikusi2\/mx\/wp-json\/wp\/v2\/pages\/3473"}],"wp:featuredmedia":[{"embeddable":true,"href":"https:\/\/testing.xplaye.com\/ikusi2\/mx\/wp-json\/"}],"wp:attachment":[{"href":"https:\/\/testing.xplaye.com\/ikusi2\/mx\/wp-json\/wp\/v2\/media?parent=10791"}],"curies":[{"name":"wp","href":"https:\/\/api.w.org\/{rel}","templated":true}]}}